{"id":20325,"date":"2025-01-29T14:21:56","date_gmt":"2025-01-29T17:21:56","guid":{"rendered":"https:\/\/progic.com.br\/?page_id=20325"},"modified":"2025-01-29T14:21:56","modified_gmt":"2025-01-29T17:21:56","slug":"clientes-sector-financiero","status":"publish","type":"page","link":"https:\/\/progic.com.br\/es\/clientes-sector-financiero\/","title":{"rendered":"Clientes &#8211; Sector financiero"},"content":{"rendered":"","protected":false},"excerpt":{"rendered":"","protected":false},"author":5,"featured_media":0,"parent":0,"menu_order":0,"comment_status":"closed","ping_status":"closed","template":"aplicacao.php","meta":{"_acf_changed":false,"footnotes":""},"class_list":["post-20325","page","type-page","status-publish","hentry"],"acf":[],"yoast_head":"<!-- This site is optimized with the Yoast SEO plugin v26.3 - https:\/\/yoast.com\/wordpress\/plugins\/seo\/ -->\n<title>Plataforma de Comunicaci\u00f3n Interna en sector Financiero - Progic<\/title>\n<meta name=\"description\" content=\"Conhe\u00e7a a Progic, Plataforma de Comunica\u00e7\u00e3o Interna no setor Financeiro. TV Corporativa, Aplicativo e Newsletter.\" \/>\n<meta name=\"robots\" content=\"index, follow, max-snippet:-1, max-image-preview:large, max-video-preview:-1\" \/>\n<link rel=\"canonical\" href=\"https:\/\/progic.com.br\/es\/clientes-sector-financiero\/\" \/>\n<meta property=\"og:locale\" content=\"es_ES\" \/>\n<meta property=\"og:type\" content=\"article\" \/>\n<meta property=\"og:title\" content=\"Plataforma de Comunicaci\u00f3n Interna en sector Financiero - Progic\" \/>\n<meta property=\"og:description\" content=\"Descubre Progic, Plataforma de Comunicaci\u00f3n Interna en el sector Financiero. TV Corporativa, Aplicaci\u00f3n y Newsletter.\" \/>\n<meta property=\"og:url\" content=\"https:\/\/progic.com.br\/es\/clientes-sector-financiero\/\" \/>\n<meta property=\"og:site_name\" content=\"Progic\" \/>\n<meta property=\"article:publisher\" content=\"https:\/\/www.facebook.com\/progic\" \/>\n<meta property=\"og:image\" content=\"https:\/\/progic.com.br\/wp-content\/uploads\/2024\/03\/Progic-Aplicacao-Financeiro-800x600-1.png\" \/>\n\t<meta property=\"og:image:width\" content=\"800\" \/>\n\t<meta property=\"og:image:height\" content=\"630\" \/>\n\t<meta property=\"og:image:type\" content=\"image\/png\" \/>\n<meta name=\"twitter:card\" content=\"summary_large_image\" \/>\n<script type=\"application\/ld+json\" class=\"yoast-schema-graph\">{\"@context\":\"https:\/\/schema.org\",\"@graph\":[{\"@type\":\"WebPage\",\"@id\":\"https:\/\/progic.com.br\/es\/clientes-sector-financiero\/\",\"url\":\"https:\/\/progic.com.br\/es\/clientes-sector-financiero\/\",\"name\":\"Plataforma de Comunicaci\u00f3n Interna en sector Financiero - Progic\",\"isPartOf\":{\"@id\":\"https:\/\/progic.com.br\/es\/#website\"},\"datePublished\":\"2025-01-29T17:21:56+00:00\",\"description\":\"Conhe\u00e7a a Progic, Plataforma de Comunica\u00e7\u00e3o Interna no setor Financeiro. TV Corporativa, Aplicativo e Newsletter.\",\"breadcrumb\":{\"@id\":\"https:\/\/progic.com.br\/es\/clientes-sector-financiero\/#breadcrumb\"},\"inLanguage\":\"es\",\"potentialAction\":[{\"@type\":\"ReadAction\",\"target\":[\"https:\/\/progic.com.br\/es\/clientes-sector-financiero\/\"]}]},{\"@type\":\"BreadcrumbList\",\"@id\":\"https:\/\/progic.com.br\/es\/clientes-sector-financiero\/#breadcrumb\",\"itemListElement\":[{\"@type\":\"ListItem\",\"position\":1,\"name\":\"In\u00edcio\",\"item\":\"https:\/\/progic.com.br\/es\/\"},{\"@type\":\"ListItem\",\"position\":2,\"name\":\"Clientes &#8211; Sector financiero\"}]},{\"@type\":\"WebSite\",\"@id\":\"https:\/\/progic.com.br\/es\/#website\",\"url\":\"https:\/\/progic.com.br\/es\/\",\"name\":\"Progic\",\"description\":\"Conectamos pessoas. Simples assim.\",\"publisher\":{\"@id\":\"https:\/\/progic.com.br\/es\/#organization\"},\"potentialAction\":[{\"@type\":\"SearchAction\",\"target\":{\"@type\":\"EntryPoint\",\"urlTemplate\":\"https:\/\/progic.com.br\/es\/?s={search_term_string}\"},\"query-input\":{\"@type\":\"PropertyValueSpecification\",\"valueRequired\":true,\"valueName\":\"search_term_string\"}}],\"inLanguage\":\"es\"},{\"@type\":\"Organization\",\"@id\":\"https:\/\/progic.com.br\/es\/#organization\",\"name\":\"Progic\",\"url\":\"https:\/\/progic.com.br\/es\/\",\"logo\":{\"@type\":\"ImageObject\",\"inLanguage\":\"es\",\"@id\":\"https:\/\/progic.com.br\/es\/#\/schema\/logo\/image\/\",\"url\":\"https:\/\/progic.com.br\/wp-content\/uploads\/2024\/03\/1-logo-progic-77x36-1.png\",\"contentUrl\":\"https:\/\/progic.com.br\/wp-content\/uploads\/2024\/03\/1-logo-progic-77x36-1.png\",\"width\":77,\"height\":36,\"caption\":\"Progic\"},\"image\":{\"@id\":\"https:\/\/progic.com.br\/es\/#\/schema\/logo\/image\/\"},\"sameAs\":[\"https:\/\/www.facebook.com\/progic\",\"https:\/\/www.linkedin.com\/company\/progic\/\",\"https:\/\/www.instagram.com\/progic_tv\/\",\"https:\/\/www.youtube.com\/@progictec\",\"https:\/\/open.spotify.com\/show\/2zB5c7Np33JFtvAvtrfoad?si=4f34223d51ee4784\"]}]}<\/script>\n<!-- \/ Yoast SEO plugin. -->","yoast_head_json":{"title":"Plataforma de Comunicaci\u00f3n Interna en sector Financiero - Progic","description":"Conhe\u00e7a a Progic, Plataforma de Comunica\u00e7\u00e3o Interna no setor Financeiro. TV Corporativa, Aplicativo e Newsletter.","robots":{"index":"index","follow":"follow","max-snippet":"max-snippet:-1","max-image-preview":"max-image-preview:large","max-video-preview":"max-video-preview:-1"},"canonical":"https:\/\/progic.com.br\/es\/clientes-sector-financiero\/","og_locale":"es_ES","og_type":"article","og_title":"Plataforma de Comunicaci\u00f3n Interna en sector Financiero - Progic","og_description":"Descubre Progic, Plataforma de Comunicaci\u00f3n Interna en el sector Financiero. TV Corporativa, Aplicaci\u00f3n y Newsletter.","og_url":"https:\/\/progic.com.br\/es\/clientes-sector-financiero\/","og_site_name":"Progic","article_publisher":"https:\/\/www.facebook.com\/progic","og_image":[{"width":800,"height":630,"url":"https:\/\/progic.com.br\/wp-content\/uploads\/2024\/03\/Progic-Aplicacao-Financeiro-800x600-1.png","type":"image\/png"}],"twitter_card":"summary_large_image","schema":{"@context":"https:\/\/schema.org","@graph":[{"@type":"WebPage","@id":"https:\/\/progic.com.br\/es\/clientes-sector-financiero\/","url":"https:\/\/progic.com.br\/es\/clientes-sector-financiero\/","name":"Plataforma de Comunicaci\u00f3n Interna en sector Financiero - Progic","isPartOf":{"@id":"https:\/\/progic.com.br\/es\/#website"},"datePublished":"2025-01-29T17:21:56+00:00","description":"Conhe\u00e7a a Progic, Plataforma de Comunica\u00e7\u00e3o Interna no setor Financeiro. TV Corporativa, Aplicativo e Newsletter.","breadcrumb":{"@id":"https:\/\/progic.com.br\/es\/clientes-sector-financiero\/#breadcrumb"},"inLanguage":"es","potentialAction":[{"@type":"ReadAction","target":["https:\/\/progic.com.br\/es\/clientes-sector-financiero\/"]}]},{"@type":"BreadcrumbList","@id":"https:\/\/progic.com.br\/es\/clientes-sector-financiero\/#breadcrumb","itemListElement":[{"@type":"ListItem","position":1,"name":"In\u00edcio","item":"https:\/\/progic.com.br\/es\/"},{"@type":"ListItem","position":2,"name":"Clientes &#8211; Sector financiero"}]},{"@type":"WebSite","@id":"https:\/\/progic.com.br\/es\/#website","url":"https:\/\/progic.com.br\/es\/","name":"Progic","description":"Conectamos pessoas. Simples assim.","publisher":{"@id":"https:\/\/progic.com.br\/es\/#organization"},"potentialAction":[{"@type":"SearchAction","target":{"@type":"EntryPoint","urlTemplate":"https:\/\/progic.com.br\/es\/?s={search_term_string}"},"query-input":{"@type":"PropertyValueSpecification","valueRequired":true,"valueName":"search_term_string"}}],"inLanguage":"es"},{"@type":"Organization","@id":"https:\/\/progic.com.br\/es\/#organization","name":"Progic","url":"https:\/\/progic.com.br\/es\/","logo":{"@type":"ImageObject","inLanguage":"es","@id":"https:\/\/progic.com.br\/es\/#\/schema\/logo\/image\/","url":"https:\/\/progic.com.br\/wp-content\/uploads\/2024\/03\/1-logo-progic-77x36-1.png","contentUrl":"https:\/\/progic.com.br\/wp-content\/uploads\/2024\/03\/1-logo-progic-77x36-1.png","width":77,"height":36,"caption":"Progic"},"image":{"@id":"https:\/\/progic.com.br\/es\/#\/schema\/logo\/image\/"},"sameAs":["https:\/\/www.facebook.com\/progic","https:\/\/www.linkedin.com\/company\/progic\/","https:\/\/www.instagram.com\/progic_tv\/","https:\/\/www.youtube.com\/@progictec","https:\/\/open.spotify.com\/show\/2zB5c7Np33JFtvAvtrfoad?si=4f34223d51ee4784"]}]}},"_links":{"self":[{"href":"https:\/\/progic.com.br\/es\/wp-json\/wp\/v2\/pages\/20325","targetHints":{"allow":["GET"]}}],"collection":[{"href":"https:\/\/progic.com.br\/es\/wp-json\/wp\/v2\/pages"}],"about":[{"href":"https:\/\/progic.com.br\/es\/wp-json\/wp\/v2\/types\/page"}],"author":[{"embeddable":true,"href":"https:\/\/progic.com.br\/es\/wp-json\/wp\/v2\/users\/5"}],"replies":[{"embeddable":true,"href":"https:\/\/progic.com.br\/es\/wp-json\/wp\/v2\/comments?post=20325"}],"version-history":[{"count":1,"href":"https:\/\/progic.com.br\/es\/wp-json\/wp\/v2\/pages\/20325\/revisions"}],"predecessor-version":[{"id":20330,"href":"https:\/\/progic.com.br\/es\/wp-json\/wp\/v2\/pages\/20325\/revisions\/20330"}],"wp:attachment":[{"href":"https:\/\/progic.com.br\/es\/wp-json\/wp\/v2\/media?parent=20325"}],"curies":[{"name":"wp","href":"https:\/\/api.w.org\/{rel}","templated":true}]}}