{"id":18587,"date":"2024-04-03T11:33:22","date_gmt":"2024-04-03T14:33:22","guid":{"rendered":"https:\/\/wordpress-841956-4732305.cloudwaysapps.com\/parcerias\/"},"modified":"2025-03-26T09:10:48","modified_gmt":"2025-03-26T12:10:48","slug":"programa-de-socios","status":"publish","type":"page","link":"https:\/\/progic.com.br\/es\/programa-de-socios\/","title":{"rendered":"Programa de Alianzas"},"content":{"rendered":"","protected":false},"excerpt":{"rendered":"","protected":false},"author":5,"featured_media":0,"parent":0,"menu_order":0,"comment_status":"closed","ping_status":"closed","template":"aplicacao.php","meta":{"_acf_changed":false,"footnotes":""},"class_list":["post-18587","page","type-page","status-publish","hentry"],"acf":[],"yoast_head":"<!-- This site is optimized with the Yoast SEO plugin v26.3 - https:\/\/yoast.com\/wordpress\/plugins\/seo\/ -->\n<title>\u00a1Genera nuevas ventas con el Programa de Alianzas Progic!<\/title>\n<meta name=\"description\" content=\"\u00a1Descubre el Programa de Socios Progic y genera ventas para tu empresa con la soluci\u00f3n de Comunicaci\u00f3n Interna m\u00e1s completa del mercado!\" \/>\n<meta name=\"robots\" content=\"index, follow, max-snippet:-1, max-image-preview:large, max-video-preview:-1\" \/>\n<link rel=\"canonical\" href=\"https:\/\/progic.com.br\/es\/programa-de-socios\/\" \/>\n<meta property=\"og:locale\" content=\"es_ES\" \/>\n<meta property=\"og:type\" content=\"article\" \/>\n<meta property=\"og:title\" content=\"\u00a1Genera nuevas ventas con el Programa de Socios Progic!\" \/>\n<meta property=\"og:description\" content=\"\u00a1Descubre el Programa de Socios Progic y genera ventas para tu empresa con la soluci\u00f3n de Comunicaci\u00f3n Interna m\u00e1s completa del mercado!\" \/>\n<meta property=\"og:url\" content=\"https:\/\/progic.com.br\/es\/programa-de-socios\/\" \/>\n<meta property=\"og:site_name\" content=\"Progic\" \/>\n<meta property=\"article:publisher\" content=\"https:\/\/www.facebook.com\/progic\" \/>\n<meta property=\"article:modified_time\" content=\"2025-03-26T12:10:48+00:00\" \/>\n<meta property=\"og:image\" content=\"https:\/\/progic.com.br\/wp-content\/uploads\/2024\/03\/Progic-Aplicacao-Financeiro-800x600-1.png\" \/>\n\t<meta property=\"og:image:width\" content=\"800\" \/>\n\t<meta property=\"og:image:height\" content=\"630\" \/>\n\t<meta property=\"og:image:type\" content=\"image\/png\" \/>\n<meta name=\"twitter:card\" content=\"summary_large_image\" \/>\n<script type=\"application\/ld+json\" class=\"yoast-schema-graph\">{\"@context\":\"https:\/\/schema.org\",\"@graph\":[{\"@type\":\"WebPage\",\"@id\":\"https:\/\/progic.com.br\/es\/programa-de-socios\/\",\"url\":\"https:\/\/progic.com.br\/es\/programa-de-socios\/\",\"name\":\"\u00a1Genera nuevas ventas con el Programa de Alianzas Progic!\",\"isPartOf\":{\"@id\":\"https:\/\/progic.com.br\/es\/#website\"},\"datePublished\":\"2024-04-03T14:33:22+00:00\",\"dateModified\":\"2025-03-26T12:10:48+00:00\",\"description\":\"\u00a1Descubre el Programa de Socios Progic y genera ventas para tu empresa con la soluci\u00f3n de Comunicaci\u00f3n Interna m\u00e1s completa del mercado!\",\"breadcrumb\":{\"@id\":\"https:\/\/progic.com.br\/es\/programa-de-socios\/#breadcrumb\"},\"inLanguage\":\"es\",\"potentialAction\":[{\"@type\":\"ReadAction\",\"target\":[\"https:\/\/progic.com.br\/es\/programa-de-socios\/\"]}]},{\"@type\":\"BreadcrumbList\",\"@id\":\"https:\/\/progic.com.br\/es\/programa-de-socios\/#breadcrumb\",\"itemListElement\":[{\"@type\":\"ListItem\",\"position\":1,\"name\":\"In\u00edcio\",\"item\":\"https:\/\/progic.com.br\/es\/\"},{\"@type\":\"ListItem\",\"position\":2,\"name\":\"Programa de Alianzas\"}]},{\"@type\":\"WebSite\",\"@id\":\"https:\/\/progic.com.br\/es\/#website\",\"url\":\"https:\/\/progic.com.br\/es\/\",\"name\":\"Progic\",\"description\":\"Conectamos pessoas. Simples assim.\",\"publisher\":{\"@id\":\"https:\/\/progic.com.br\/es\/#organization\"},\"potentialAction\":[{\"@type\":\"SearchAction\",\"target\":{\"@type\":\"EntryPoint\",\"urlTemplate\":\"https:\/\/progic.com.br\/es\/?s={search_term_string}\"},\"query-input\":{\"@type\":\"PropertyValueSpecification\",\"valueRequired\":true,\"valueName\":\"search_term_string\"}}],\"inLanguage\":\"es\"},{\"@type\":\"Organization\",\"@id\":\"https:\/\/progic.com.br\/es\/#organization\",\"name\":\"Progic\",\"url\":\"https:\/\/progic.com.br\/es\/\",\"logo\":{\"@type\":\"ImageObject\",\"inLanguage\":\"es\",\"@id\":\"https:\/\/progic.com.br\/es\/#\/schema\/logo\/image\/\",\"url\":\"https:\/\/progic.com.br\/wp-content\/uploads\/2024\/03\/1-logo-progic-77x36-1.png\",\"contentUrl\":\"https:\/\/progic.com.br\/wp-content\/uploads\/2024\/03\/1-logo-progic-77x36-1.png\",\"width\":77,\"height\":36,\"caption\":\"Progic\"},\"image\":{\"@id\":\"https:\/\/progic.com.br\/es\/#\/schema\/logo\/image\/\"},\"sameAs\":[\"https:\/\/www.facebook.com\/progic\",\"https:\/\/www.linkedin.com\/company\/progic\/\",\"https:\/\/www.instagram.com\/progic_tv\/\",\"https:\/\/www.youtube.com\/@progictec\",\"https:\/\/open.spotify.com\/show\/2zB5c7Np33JFtvAvtrfoad?si=4f34223d51ee4784\"]}]}<\/script>\n<!-- \/ Yoast SEO plugin. -->","yoast_head_json":{"title":"\u00a1Genera nuevas ventas con el Programa de Alianzas Progic!","description":"\u00a1Descubre el Programa de Socios Progic y genera ventas para tu empresa con la soluci\u00f3n de Comunicaci\u00f3n Interna m\u00e1s completa del mercado!","robots":{"index":"index","follow":"follow","max-snippet":"max-snippet:-1","max-image-preview":"max-image-preview:large","max-video-preview":"max-video-preview:-1"},"canonical":"https:\/\/progic.com.br\/es\/programa-de-socios\/","og_locale":"es_ES","og_type":"article","og_title":"\u00a1Genera nuevas ventas con el Programa de Socios Progic!","og_description":"\u00a1Descubre el Programa de Socios Progic y genera ventas para tu empresa con la soluci\u00f3n de Comunicaci\u00f3n Interna m\u00e1s completa del mercado!","og_url":"https:\/\/progic.com.br\/es\/programa-de-socios\/","og_site_name":"Progic","article_publisher":"https:\/\/www.facebook.com\/progic","article_modified_time":"2025-03-26T12:10:48+00:00","og_image":[{"width":800,"height":630,"url":"https:\/\/progic.com.br\/wp-content\/uploads\/2024\/03\/Progic-Aplicacao-Financeiro-800x600-1.png","type":"image\/png"}],"twitter_card":"summary_large_image","schema":{"@context":"https:\/\/schema.org","@graph":[{"@type":"WebPage","@id":"https:\/\/progic.com.br\/es\/programa-de-socios\/","url":"https:\/\/progic.com.br\/es\/programa-de-socios\/","name":"\u00a1Genera nuevas ventas con el Programa de Alianzas Progic!","isPartOf":{"@id":"https:\/\/progic.com.br\/es\/#website"},"datePublished":"2024-04-03T14:33:22+00:00","dateModified":"2025-03-26T12:10:48+00:00","description":"\u00a1Descubre el Programa de Socios Progic y genera ventas para tu empresa con la soluci\u00f3n de Comunicaci\u00f3n Interna m\u00e1s completa del mercado!","breadcrumb":{"@id":"https:\/\/progic.com.br\/es\/programa-de-socios\/#breadcrumb"},"inLanguage":"es","potentialAction":[{"@type":"ReadAction","target":["https:\/\/progic.com.br\/es\/programa-de-socios\/"]}]},{"@type":"BreadcrumbList","@id":"https:\/\/progic.com.br\/es\/programa-de-socios\/#breadcrumb","itemListElement":[{"@type":"ListItem","position":1,"name":"In\u00edcio","item":"https:\/\/progic.com.br\/es\/"},{"@type":"ListItem","position":2,"name":"Programa de Alianzas"}]},{"@type":"WebSite","@id":"https:\/\/progic.com.br\/es\/#website","url":"https:\/\/progic.com.br\/es\/","name":"Progic","description":"Conectamos pessoas. Simples assim.","publisher":{"@id":"https:\/\/progic.com.br\/es\/#organization"},"potentialAction":[{"@type":"SearchAction","target":{"@type":"EntryPoint","urlTemplate":"https:\/\/progic.com.br\/es\/?s={search_term_string}"},"query-input":{"@type":"PropertyValueSpecification","valueRequired":true,"valueName":"search_term_string"}}],"inLanguage":"es"},{"@type":"Organization","@id":"https:\/\/progic.com.br\/es\/#organization","name":"Progic","url":"https:\/\/progic.com.br\/es\/","logo":{"@type":"ImageObject","inLanguage":"es","@id":"https:\/\/progic.com.br\/es\/#\/schema\/logo\/image\/","url":"https:\/\/progic.com.br\/wp-content\/uploads\/2024\/03\/1-logo-progic-77x36-1.png","contentUrl":"https:\/\/progic.com.br\/wp-content\/uploads\/2024\/03\/1-logo-progic-77x36-1.png","width":77,"height":36,"caption":"Progic"},"image":{"@id":"https:\/\/progic.com.br\/es\/#\/schema\/logo\/image\/"},"sameAs":["https:\/\/www.facebook.com\/progic","https:\/\/www.linkedin.com\/company\/progic\/","https:\/\/www.instagram.com\/progic_tv\/","https:\/\/www.youtube.com\/@progictec","https:\/\/open.spotify.com\/show\/2zB5c7Np33JFtvAvtrfoad?si=4f34223d51ee4784"]}]}},"_links":{"self":[{"href":"https:\/\/progic.com.br\/es\/wp-json\/wp\/v2\/pages\/18587","targetHints":{"allow":["GET"]}}],"collection":[{"href":"https:\/\/progic.com.br\/es\/wp-json\/wp\/v2\/pages"}],"about":[{"href":"https:\/\/progic.com.br\/es\/wp-json\/wp\/v2\/types\/page"}],"author":[{"embeddable":true,"href":"https:\/\/progic.com.br\/es\/wp-json\/wp\/v2\/users\/5"}],"replies":[{"embeddable":true,"href":"https:\/\/progic.com.br\/es\/wp-json\/wp\/v2\/comments?post=18587"}],"version-history":[{"count":7,"href":"https:\/\/progic.com.br\/es\/wp-json\/wp\/v2\/pages\/18587\/revisions"}],"predecessor-version":[{"id":21004,"href":"https:\/\/progic.com.br\/es\/wp-json\/wp\/v2\/pages\/18587\/revisions\/21004"}],"wp:attachment":[{"href":"https:\/\/progic.com.br\/es\/wp-json\/wp\/v2\/media?parent=18587"}],"curies":[{"name":"wp","href":"https:\/\/api.w.org\/{rel}","templated":true}]}}